{"id":191,"date":"2017-10-30T14:43:11","date_gmt":"2017-10-30T14:43:11","guid":{"rendered":"https:\/\/racing-experience.lu\/?page_id=191"},"modified":"2023-02-14T09:02:55","modified_gmt":"2023-02-14T08:02:55","slug":"ueber-uns","status":"publish","type":"page","link":"https:\/\/racing-experience.lu\/de\/ueber-uns\/","title":{"rendered":"\u00dcber Uns"},"content":{"rendered":"<p>Gegr\u00fcndet im Jahr 2000 von dem Fahrer Christian HAUSER, ist Racing Experience ein Familienrennteam mit mehr als 40 Jahren Erfahrung. Aktuell hat die dritte Generation, Gary und David HAUSER, das Steuer \u00fcbernommen. Beide sind bekannte Athleten in Luxemburg und waren Mitglieder der nationalen Olympiamannschaft (COSL \/ Comit\u00e9 Olympique et Sportifs Luxembourgeois).<\/p>\n<p>Mit Sitz in der kleinen Stadt Wormeldange im Osten Luxemburgs, besteht das Team zu diesem Zeitpunkt aus 6 Personen: einem Direktor, zwei Mechanikern, zwei Ingenieuren und einer Logistik- und Kommunikationsverantwortlichen.<\/p>\n<p>Von seiner Leidenschaft angetrieben, hat Racing Experience zahlreiche Erfolge in sehr verschiedenen Disziplinen im Motorsport, insbesondere im Bergrennen und im Rundstreckenrennen, erzielt. Das Team konnte sich schrittweise auf das Niveau des Wettbewerbs steigern und seine Teilnahme an verschiedenen Meisterschaften diversifizieren: Formel Renault 1.6 Belgien, ATS Formel-3-Cup, BossGP mit einem Dallara GP2, Luxemburgische und FIA European Hillclimb Meisterschaft, GT &amp; Prototype Challenge mit einem Ligier LMP3, dem Michelin Le Mans Cup mit einem Norma M30 LMP3 in 2019 und 2020 und die European Le Mans Series ELMS in 2021 mit einem Duqueine D08 LMP3. In 2022 nahmen sie erfolgreich mit einer Doppelverpflichtung im neuen ADAC Prototype Cup Germany (P5 overall), sowie in der GT &amp; Prototype Challenge (Gesamtsieger Prototype Klasse) teil.<\/p>\n<p><img loading=\"lazy\" decoding=\"async\" class=\"alignnone wp-image-3696 size-full\" src=\"https:\/\/racing-experience.lu\/wp-content\/uploads\/2019\/10\/2.jpg\" alt=\"\" width=\"1200\" height=\"801\" srcset=\"https:\/\/racing-experience.lu\/wp-content\/uploads\/2019\/10\/2.jpg 1200w, https:\/\/racing-experience.lu\/wp-content\/uploads\/2019\/10\/2-600x401.jpg 600w, https:\/\/racing-experience.lu\/wp-content\/uploads\/2019\/10\/2-300x200.jpg 300w, https:\/\/racing-experience.lu\/wp-content\/uploads\/2019\/10\/2-768x513.jpg 768w, https:\/\/racing-experience.lu\/wp-content\/uploads\/2019\/10\/2-1024x684.jpg 1024w\" sizes=\"auto, (max-width: 1200px) 100vw, 1200px\" \/><\/p>\n<p>Dank seines qualifizierten und detailorientierten Teams, das f\u00fcr seinen unerm\u00fcdlichen Einsatz bekannt ist, konnte Racing Experience mehrere bemerkenswerte Erfolge erzielen:<\/p>\n<p>Rundstrecke:<\/p>\n<ul>\n<li><span style=\"font-family: Calibri; font-size: 11.0pt;\">2022: Champion GT &amp; Prototype Challenge (Prototype Class)<\/span><\/li>\n<li><span style=\"font-family: Calibri; font-size: 11.0pt;\">2022: 5th place ADAC Prototype Cup Germany (Duqueine D08 LMP3) &amp; several podiums<\/span><\/li>\n<li><span style=\"font-family: Calibri; font-size: 11.0pt;\">2021: European Le Mans Series (Duqueine D08 LMP3)<\/span><\/li>\n<li><span style=\"font-family: Calibri; font-size: 11.0pt;\">2020: Michelin Le Mans Cup (Norma M30 LMP3)<\/span><\/li>\n<li>2019: 8. Gesamtrang Michelin Le Mans Cup (Norma M30 LMP3)<\/li>\n<li>2017: Sieg der GT &amp; Prototype Challenge (Ligier LMP3)<\/li>\n<li>2014: 2. Platz BossGP (Dallara GP2)<\/li>\n<li>2014: Offizieller Streckenrekord in Mugello von Gary Hauser in einem Dallara GP2 (bis zur R\u00fcckkehr der Formel 1 in 2020)<\/li>\n<li>2013: Sieg der BossGP Meisterschaft (Dallara GP2)<\/li>\n<\/ul>\n<p>Bergrennen:<\/p>\n<ul>\n<li>2016: Sieg der luxemburgischen Hillclimb-Meisterschaft<\/li>\n<li>2015: 5. Platz FIA European Hillclimb Championship bei der ersten Teilnahme<\/li>\n<li>2013: Sieg der luxemburgischen Hillclimb-Meisterschaft<\/li>\n<li>2011: Klassensieg in der Formel 3 in der franz\u00f6sischen Hillclimb-Meisterschaft<\/li>\n<\/ul>\n<p>Mit dem Motto \u00abKeep Pushing\u00bb verf\u00fcgt Racing Experience \u00fcber alle notwendigen Eigenschaften, um seine erfolgreiche Geschichte fortzusetzen. Neben der Pflege aller Fahrzeuge, mit einem an jeden Fahrer angepassten Setup, bietet das Team ein komplettes und leistungsorientiertes Fahrercoaching f\u00fcr jeden Fahrer im Team. Der letztgenannte Service wird au\u00dferdem externen Fahrern mit eigenem Auto angeboten, die ihre Fahrk\u00fcnste verbessern m\u00f6chten.<\/p>\n","protected":false},"excerpt":{"rendered":"<p>Gegr\u00fcndet im Jahr 2000 von dem Fahrer Christian HAUSER, ist Racing Experience ein Familienrennteam mit mehr als 40 Jahren Erfahrung. Aktuell hat die dritte Generation, Gary<a class=\"excerpt-read-more\" href=\"https:\/\/racing-experience.lu\/de\/ueber-uns\/\" title=\"Read\u00dcber Uns\">&#8230; weiterlesen \u00bb<\/a><\/p>\n","protected":false},"author":1,"featured_media":0,"parent":0,"menu_order":0,"comment_status":"closed","ping_status":"closed","template":"template-about.php","meta":{"_acf_changed":false,"footnotes":""},"class_list":["post-191","page","type-page","status-publish","hentry"],"acf":[],"_links":{"self":[{"href":"https:\/\/racing-experience.lu\/de\/wp-json\/wp\/v2\/pages\/191","targetHints":{"allow":["GET"]}}],"collection":[{"href":"https:\/\/racing-experience.lu\/de\/wp-json\/wp\/v2\/pages"}],"about":[{"href":"https:\/\/racing-experience.lu\/de\/wp-json\/wp\/v2\/types\/page"}],"author":[{"embeddable":true,"href":"https:\/\/racing-experience.lu\/de\/wp-json\/wp\/v2\/users\/1"}],"replies":[{"embeddable":true,"href":"https:\/\/racing-experience.lu\/de\/wp-json\/wp\/v2\/comments?post=191"}],"version-history":[{"count":7,"href":"https:\/\/racing-experience.lu\/de\/wp-json\/wp\/v2\/pages\/191\/revisions"}],"predecessor-version":[{"id":5314,"href":"https:\/\/racing-experience.lu\/de\/wp-json\/wp\/v2\/pages\/191\/revisions\/5314"}],"wp:attachment":[{"href":"https:\/\/racing-experience.lu\/de\/wp-json\/wp\/v2\/media?parent=191"}],"curies":[{"name":"wp","href":"https:\/\/api.w.org\/{rel}","templated":true}]}}